{"id":8509,"date":"2017-01-22T21:17:40","date_gmt":"2017-01-22T20:17:40","guid":{"rendered":"http:\/\/scraps.du-chatenier.de\/?page_id=88"},"modified":"2018-09-08T07:51:03","modified_gmt":"2018-09-08T07:51:03","slug":"datenschutz","status":"publish","type":"page","link":"https:\/\/fotos.du-chatenier.de\/?page_id=8509","title":{"rendered":"Datenschutzerkl\u00e4rung"},"content":{"rendered":"<h2>Datenschutz<\/h2>\n<p>Ich nehme den Schutz Deiner pers\u00f6nlichen Daten sehr ernst. Ich behandele deine personenbezogenen Daten vertraulich und entsprechend der gesetzlichen Datenschutzvorschriften sowie dieser Datenschutzerkl\u00e4rung.<\/p>\n<p>Die Nutzung meiner Website ist\u00a0 ohne Angabe personenbezogener Daten m\u00f6glich.<\/p>\n<p>Ich weise darauf hin, dass die Daten\u00fcbertragung im Internet (z.B. bei der Kommunikation per E-Mail) Sicherheitsl\u00fccken aufweisen kann. Ein l\u00fcckenloser Schutz der Daten vor dem Zugriff durch Dritte ist nicht m\u00f6glich.<\/p>\n<h2>Cookies<\/h2>\n<p>Meine Internetseite generiert keine Cookies<\/p>\n<h2>Server-LogFiles<\/h2>\n<p>Der Provider der Seiten erhebt und speichert automatisch Informationen in so genannten Server-Log Files, die dein Browser automatisch an mich \u00fcbermittelt. Dies sind:<\/p>\n<ul>\n<li>Browsertyp und Browserversion<\/li>\n<li>verwendetes Betriebssystem<\/li>\n<li>Referrer URL<\/li>\n<li>Hostname des zugreifenden Rechners<\/li>\n<li>Uhrzeit der Serveranfrage<\/li>\n<\/ul>\n<p>Diese Daten sind nicht bestimmten Personen zuordenbar. Eine Zusammenf\u00fchrung dieser Daten mit anderen Datenquellen wird nicht vorgenommen. Ich behalte mir vor, diese Daten nachtr\u00e4glich zu pr\u00fcfen, wenn mir konkrete Anhaltspunkte f\u00fcr eine rechtswidrige Nutzung bekannt werden.<\/p>\n<h2>Kommentarfunktion<\/h2>\n<p>Du kannst auf meiner Webseite gerne einen Kommentar hinterlassen. Da ich gerne wissen m\u00f6chte wer mir da einen Kommentar hinterl\u00e4sst musst du deinen Namen\/Alias angeben. Auch eine\u00a0E-Mail-Adresse m\u00f6chte ich gerne haben um eventuell mit dir Kontakt auf nehmen zu k\u00f6nnen. Nach dem ver\u00f6ffentlichen deines Kommentars wird nur dein Name\/Alias angezeigt.\u00a0 Eine IP-Adresse wird durch deinen Kommentar nicht gespeichert. Eine Weitergabe an Dritte wird durch mich nicht stattfinden<\/p>\n<h2>Recht auf Auskunft, L\u00f6schung, Sperrung<\/h2>\n<p>Du hast jederzeit das Recht auf unentgeltliche Auskunft \u00fcber deine gespeicherten personenbezogenen Daten, deren Herkunft und Empf\u00e4nger und den Zweck der Datenverarbeitung sowie ein Recht auf Berichtigung, Sperrung oder L\u00f6schung dieser Daten. Hierzu sowie zu weiteren Fragen zum Thema personenbezogene Daten kannst du dich jederzeit unter der im Impressum angegebenen Adresse an mich wenden.<\/p>\n<h2>Widerspruch Werbe-Mails<\/h2>\n<p>Der Nutzung von im Rahmen der Impressumspflicht ver\u00f6ffentlichten Kontaktdaten zur \u00dcbersendung von nicht ausdr\u00fccklich angeforderter Werbung und Informationsmaterialien wird hiermit widersprochen. Die Betreiberin der Seiten beh\u00e4lt sich ausdr\u00fccklich rechtliche Schritte im Falle der unverlangten Zusendung von Werbeinformationen, etwa durch Spam-E-Mails, vor.<\/p>\n<p>&nbsp;<\/p>\n","protected":false},"excerpt":{"rendered":"<p>Datenschutz Ich nehme den Schutz Deiner pers\u00f6nlichen Daten sehr ernst. Ich behandele deine personenbezogenen Daten vertraulich und entsprechend der gesetzlichen Datenschutzvorschriften sowie dieser Datenschutzerkl\u00e4rung. Die Nutzung meiner Website ist\u00a0 ohne Angabe personenbezogener Daten m\u00f6glich. Ich weise darauf hin, dass die Daten\u00fcbertragung im Internet (z.B. bei der Kommunikation per E-Mail) Sicherheitsl\u00fccken aufweisen kann. Ein l\u00fcckenloser Schutz &hellip; <a href=\"https:\/\/fotos.du-chatenier.de\/?page_id=8509\" class=\"more-link\"><span class=\"screen-reader-text\">\u201eDatenschutzerkl\u00e4rung\u201c<\/span> weiterlesen<\/a><\/p>\n","protected":false},"author":1,"featured_media":0,"parent":0,"menu_order":0,"comment_status":"closed","ping_status":"closed","template":"","meta":{"footnotes":""},"class_list":["post-8509","page","type-page","status-publish","hentry"],"_links":{"self":[{"href":"https:\/\/fotos.du-chatenier.de\/index.php?rest_route=\/wp\/v2\/pages\/8509","targetHints":{"allow":["GET"]}}],"collection":[{"href":"https:\/\/fotos.du-chatenier.de\/index.php?rest_route=\/wp\/v2\/pages"}],"about":[{"href":"https:\/\/fotos.du-chatenier.de\/index.php?rest_route=\/wp\/v2\/types\/page"}],"author":[{"embeddable":true,"href":"https:\/\/fotos.du-chatenier.de\/index.php?rest_route=\/wp\/v2\/users\/1"}],"replies":[{"embeddable":true,"href":"https:\/\/fotos.du-chatenier.de\/index.php?rest_route=%2Fwp%2Fv2%2Fcomments&post=8509"}],"version-history":[{"count":2,"href":"https:\/\/fotos.du-chatenier.de\/index.php?rest_route=\/wp\/v2\/pages\/8509\/revisions"}],"predecessor-version":[{"id":11505,"href":"https:\/\/fotos.du-chatenier.de\/index.php?rest_route=\/wp\/v2\/pages\/8509\/revisions\/11505"}],"wp:attachment":[{"href":"https:\/\/fotos.du-chatenier.de\/index.php?rest_route=%2Fwp%2Fv2%2Fmedia&parent=8509"}],"curies":[{"name":"wp","href":"https:\/\/api.w.org\/{rel}","templated":true}]}}